{"id":85,"date":"2019-11-26T18:34:08","date_gmt":"2019-11-26T17:34:08","guid":{"rendered":"https:\/\/motorrad-tourenfahrer.com\/rykart-net\/?page_id=85"},"modified":"2019-11-26T18:43:32","modified_gmt":"2019-11-26T17:43:32","slug":"vogel-im-wind","status":"publish","type":"page","link":"https:\/\/motorrad-tourenfahrer.com\/rykart-net\/vogel-im-wind\/","title":{"rendered":"Vogel im Wind &#8230;"},"content":{"rendered":"\n<p class=\"has-large-font-size\"> <strong><em>&#8230; kannst DU fliegen???<\/em><\/strong><\/p>\n\n\n\n<p><strong><em>Kannst Du &#8230;<\/em><\/strong><\/p>\n\n\n\n<ul class=\"wp-block-list\"><li> mich respektieren ohne gleichg\u00fcltig zu werden?<\/li><li>dich f\u00fcr meine Dinge begeistern ohne deine eigenen aufzugeben?<\/li><li>meine Schw\u00e4chen als solche erkennen ohne dich dar\u00fcber l\u00e4cherlich zu machen?<\/li><li>Ziele gemeinsam erarbeiten, verfolgen, erreichen ohne uns dabei aufzugeben?<\/li><li>deine eigene Welt auch mal verlassen um in meine einzutauchen und sie unvoreingenommen wahr nehmen?<\/li><li>geduldig sein, weil in deinem bisherigen Leben nicht bereits alles gesehen, erlebt, erreicht und erforscht worden sein kann und manchmal Morgen besser ist als Heute?<\/li><li>F\u00e4higkeiten und M\u00f6glichkeiten des Augenblicks erkennen und respektieren, ohne dabei die Visionen und Tr\u00e4ume aus den Augen zu verlieren?<\/li><li>dich auch f\u00fcr mein weiteres Umfeld interessieren, ohne dein eigenes dabei aufzugeben?<\/li><li>Lachen und mich mit deiner Frohnatur anstecken?<\/li><li>dich fallen lassen und hingeben in Vertrauen, Achtung und Respekt?<\/li><li>dich wiederfinden in einem Spiel zweier sich ber\u00fchrender Seelen?<\/li><li>damit umgehen, wenn unsere Beziehung aus einem gesunden Mass an N\u00e4he und Distanz besteht und wir uns nicht t\u00e4glich sehen?<\/li><li>akzeptieren, dass ich nicht gleich mit dir zusammen ziehen will? <\/li><\/ul>\n\n\n\n<p> <strong><em>Ich m\u00f6chte wissen, ob du &#8230; <\/em><\/strong><\/p>\n\n\n\n<ul class=\"wp-block-list\"><li> es wagst, der Sehnsucht deines Herzens zu folgen?<\/li><li>offen bist, dich mit Haut und Haar in eine neue Beziehung einzugeben die wachsen darf und nicht nur schnell befriedigt ist?<\/li><li>dich traust wie ein N\u00e4rrin auszusehen, weil du deine Liebe zu mir zeigst?<\/li><li>vor lauter Liebe und gegenseitiger Faszination das Essen auf dem Teller vor dir vergessen kannst?<\/li><li>Stunden lang reden und zuh\u00f6ren magst, ohne Angst zu haben Grenzen zu \u00fcberschreiten, weil wir uns gegenseitig das Innere nach Aussen kehren?<\/li><li>mit deinem (oder meinem) Schmerz\/Entt\u00e4uschung umgehen kannst, ohne ihn\/sie verstecken oder \u00fcberspielen zu m\u00fcssen?<\/li><li>ob du dich auf etwas freuen und kaum darauf warten kannst, bis es soweit ist?<\/li><li>es beherrschst mit kleinen Zeichen zu zeigen, dass du mich lieb hast?<\/li><li>mein attraktives \u00c4usseres nicht nur als Galionsfigur ben\u00fctzt, sondern mich als Mensch -mit all meinen Ecken und Kanten wertsch\u00e4tzen magst?<\/li><li>mit meiner grossen Power und gleichzeitig aber auch mit meiner Sensibilit\u00e4t umzugehen weisst?<\/li><li>meine Schnelligkeit im Denken, Handeln und F\u00fchlen zu bremsen vermagst, wenn du dich damit \u00fcberfahren f\u00fchlst und nicht gleich genervt davon rennst?<\/li><li>voller Wildheit und Leidenschaft sein kannst und ob du die Ekstase von deinen Fusssohlen bis zu deinen Haarspitzen fliessen lassen kannst? <\/li><\/ul>\n\n\n\n<p>Sehe ich in deinen Augen in deinem attraktiven Gesicht das wahre ich deines Wesens, umgeben von einem Moment voller Sehnsucht? Dein Glanz wird von meinem Blick erfasst und reflektiert und alle Schranken \u00f6ffnen sich.Kannst du fliegen? Ja, du kannst wenn du willst \u2013 du wei\u00dft es nur noch nicht&#8230;<\/p>\n\n\n\n<p><em><strong>Don\u2019t dream your life, live your dreams!<\/strong><\/em><\/p>\n","protected":false},"excerpt":{"rendered":"<p>&#8230; kannst DU fliegen??? Kannst Du &#8230; mich respektieren ohne gleichg\u00fcltig zu werden? dich f\u00fcr meine Dinge begeistern ohne deine eigenen aufzugeben? meine Schw\u00e4chen als solche erkennen ohne dich dar\u00fcber<a href=\"https:\/\/motorrad-tourenfahrer.com\/rykart-net\/vogel-im-wind\/\" class=\"more-link\"><span class=\"readmore\">Continue reading<span class=\"screen-reader-text\">Vogel im Wind &#8230;<\/span><\/span><\/a><\/p>\n","protected":false},"author":1,"featured_media":0,"parent":0,"menu_order":0,"comment_status":"closed","ping_status":"closed","template":"","meta":{"footnotes":""},"class_list":["post-85","page","type-page","status-publish","hentry"],"_links":{"self":[{"href":"https:\/\/motorrad-tourenfahrer.com\/rykart-net\/wp-json\/wp\/v2\/pages\/85","targetHints":{"allow":["GET"]}}],"collection":[{"href":"https:\/\/motorrad-tourenfahrer.com\/rykart-net\/wp-json\/wp\/v2\/pages"}],"about":[{"href":"https:\/\/motorrad-tourenfahrer.com\/rykart-net\/wp-json\/wp\/v2\/types\/page"}],"author":[{"embeddable":true,"href":"https:\/\/motorrad-tourenfahrer.com\/rykart-net\/wp-json\/wp\/v2\/users\/1"}],"replies":[{"embeddable":true,"href":"https:\/\/motorrad-tourenfahrer.com\/rykart-net\/wp-json\/wp\/v2\/comments?post=85"}],"version-history":[{"count":3,"href":"https:\/\/motorrad-tourenfahrer.com\/rykart-net\/wp-json\/wp\/v2\/pages\/85\/revisions"}],"predecessor-version":[{"id":93,"href":"https:\/\/motorrad-tourenfahrer.com\/rykart-net\/wp-json\/wp\/v2\/pages\/85\/revisions\/93"}],"wp:attachment":[{"href":"https:\/\/motorrad-tourenfahrer.com\/rykart-net\/wp-json\/wp\/v2\/media?parent=85"}],"curies":[{"name":"wp","href":"https:\/\/api.w.org\/{rel}","templated":true}]}}