{"id":36,"date":"2019-09-30T16:00:54","date_gmt":"2019-09-30T14:00:54","guid":{"rendered":"https:\/\/motorrad-tourenfahrer.com\/blues-motorradreisen\/?page_id=36"},"modified":"2019-10-02T11:09:55","modified_gmt":"2019-10-02T09:09:55","slug":"datenschutzverordnung","status":"publish","type":"page","link":"https:\/\/motorrad-tourenfahrer.com\/blues-motorradreisen\/datenschutzverordnung\/","title":{"rendered":"Datenschutzverordnung"},"content":{"rendered":"\n<h3 class=\"wp-block-heading\">Datenschutz<\/h3>\n\n\n\n<p><strong>Datenschutzerkl\u00e4rung<\/strong><br>Verantwortliche Stelle im Sinne der Datenschutzgesetze, insbesondere der EU-Datenschutzgrundverordnung (DSGVO), ist:<\/p>\n\n\n\n<p><strong><em>Christian Rykart<br>Titlisweg 14<br>CH-4852 Rothrist<br>E-Mail: <\/em><\/strong><a href=\"mailto:blue&#64;&#98;&#108;&#117;&#101;&#115;&#45;&#109;&#111;&#116;&#111;&#114;&#114;&#97;&#100;&#114;&#x65;&#x69;&#x73;&#x65;&#x6e;&#x2e;&#x65;&#x75;\" target=\"_blank\" rel=\"noreferrer noopener\" aria-label=\" (\u00f6ffnet in neuem Tab)\">blue&#64;blues-m&#111;&#116;&#111;&#114;&#114;&#97;&#100;&#114;&#101;&#105;&#115;&#101;&#110;&#46;&#101;&#x75;<\/a><\/p>\n\n\n\n<p><strong>Rechte der Seitenbesucher<\/strong><br>Unter den angegebenen Kontaktdaten unseres Datenschutzbeauftragten k\u00f6nnen Sie jederzeit folgende Rechte aus\u00fcben:<\/p>\n\n\n\n<p>Auskunft einholen \u00fcber Ihre bei uns gespeicherten Daten und deren Verwendung.<br>Berichtigungsmitteilung unrichtiger personenbezogener Daten.<br>Antrag auf L\u00f6schung Ihrer bei uns gespeicherten Daten.<br>Einschr\u00e4nkung der Datenverarbeitung, sofern wir Ihre Daten aufgrund gesetzlicher Pflichten noch nicht l\u00f6schen d\u00fcrfen.<br>Widerspruch gegen die Verarbeitung Ihrer Daten bei uns.<br>Daten\u00fcbertragbarkeit einschr\u00e4nken, sofern Sie in die Datenverarbeitung eingewilligt oder einen Vertrag mit uns abgeschlossen haben.<br>Bei Fahrl\u00e4ssigkeit oder Nichteinhaltung der Vereinbarungen unsererseits, k\u00f6nnen sich jederzeit mit einer Beschwerde an die f\u00fcr Sie zust\u00e4ndige Aufsichtsbeh\u00f6rde wenden. Ihre zust\u00e4ndige Aufsichtsbeh\u00f6rde richtet sich nach dem Bundesland Ihres Wohnsitzes, Ihrer Arbeit oder der mutma\u00dflichen Verletzung. Eine Liste der Aufsichtsbeh\u00f6rden (f\u00fcr den nicht\u00f6ffentlichen Bereich) mit Anschriften finden Sie unter: https:\/\/www.bfdi.bund.de\/DE\/Infothek\/Anschriften_Links\/anschriften_links-node.html.<\/p>\n\n\n\n<p><strong>Zwecke der Datenverarbeitung durch die verantwortliche Stelle und Dritte<\/strong><br>Wir verarbeiten Ihre personenbezogenen Daten nur zu den in dieser Datenschutzerkl\u00e4rung genannten Zwecken, wie z.B. zur \u00dcbersendung der von Ihnen angeforderten Informationen oder finanziellen Angebote, zur Info \u00fcber unsere neu ins Programm aufgenommenen Leistungen und zur Bekanntgabe neuer Termine und Reisedaten sowie zur Versendung eines Newsletters. Eine \u00dcbermittlung Ihrer pers\u00f6nlichen Daten an Dritte zu anderen als den genannten Zwecken findet nicht statt. Wir geben Ihre pers\u00f6nlichen Daten nur an Dritte weiter, wenn:<\/p>\n\n\n\n<p>Sie Ihre ausdr\u00fcckliche Einwilligung dazu erteilt haben,<br>Die Verarbeitung zur Abwicklung eines Vertrags mit Ihnen erforderlich ist,<br>Die Verarbeitung zur Erf\u00fcllung einer rechtlichen Verpflichtung erforderlich ist,<br>die Verarbeitung zur Wahrung berechtigter Interessen erforderlich ist und kein Grund zur Annahme besteht, dass Sie ein \u00fcberwiegendes schutzw\u00fcrdiges Interesse an der Nichtweitergabe Ihrer Daten haben.<br>L\u00f6schung bzw. Sperrung der Daten<br>Wir halten uns an die Grunds\u00e4tze der Datenvermeidung und Datensparsamkeit. Wir speichern Ihre personenbezogenen Daten daher nur so lange, wie dies zur Erreichung der hier genannten Zwecke erforderlich ist oder wie es die vom Gesetzgeber vorgesehenen vielf\u00e4ltigen Speicherfristen vorsehen. Nach Fortfall des jeweiligen Zweckes bzw. Ablauf dieser Fristen werden die entsprechenden Daten routinem\u00e4\u00dfig und entsprechend den gesetzlichen Vorschriften gesperrt oder gel\u00f6scht.<\/p>\n\n\n\n<p><strong>Erfassung allgemeiner Informationen beim Besuch unserer Website<\/strong><br>Wenn Sie auf unsere Website zugreifen, werden automatisch mittels eines Cookies Informationen allgemeiner Natur erfasst. Diese Informationen (Server-Logfiles) beinhalten etwa die Art des Webbrowsers, das verwendete Betriebssystem, den Domainnamen Ihres Internet-Service-Providers und \u00e4hnliches. Hierbei handelt es sich ausschlie\u00dflich um Informationen, welche keine R\u00fcckschl\u00fcsse auf Ihre Person zulassen.<\/p>\n\n\n\n<p>Diese Informationen sind technisch notwendig, um von Ihnen angeforderte Inhalte von Webseiten korrekt auszuliefern und fallen bei Nutzung des Internets zwingend an. Sie werden insbesondere zu folgenden Zwecken verarbeitet:<\/p>\n\n\n\n<p>Sicherstellung eines problemlosen Verbindungsaufbaus der Website.<br>Sicherstellung einer reibungslosen Nutzung unserer Website.<br>Auswertung der Systemsicherheit und -stabilit\u00e4t.<br>Zu weiteren administrativen Zwecken.<br>Die Verarbeitung Ihrer personenbezogenen Daten basiert auf unserem berechtigten Interesse aus den vorgenannten Zwecken zur Datenerhebung. Wir verwenden Ihre Daten nicht, um R\u00fcckschl\u00fcsse auf Ihre Person zu ziehen. Empf\u00e4nger der Daten sind nur die verantwortliche Stelle und ggf. Auftragsverarbeiter.<\/p>\n\n\n\n<p>Anonyme Informationen dieser Art werden von uns ggf. statistisch ausgewertet, um unseren Internetauftritt und die dahinterstehende Technik zu optimieren.<br>Nicht identifizierbare technische Daten (z.B. beim Newsletter-Antrag) werden unter Umst\u00e4nden SOFORT gel\u00f6scht, um unsere Seite und ggf. auch die anderen Empf\u00e4nger unseres Newsletters zu sch\u00fctzen.<\/p>\n\n\n\n<p><strong>Cookies<\/strong><br>Wie viele andere Webseiten verwenden wir auch so genannte \u201eCookies\u201c. Cookies sind kleine Textdateien, die von einem Websiteserver auf Ihre Festplatte \u00fcbertragen werden. Hierdurch erhalten wir automatisch bestimmte Daten wie z. B. IP-Adresse, verwendeter Browser, Betriebssystem und Ihre Verbindung zum Internet.<\/p>\n\n\n\n<p>Cookies k\u00f6nnen nicht verwendet werden, um Programme zu starten oder Viren auf einen Computer zu \u00fcbertragen. Anhand der in Cookies enthaltenen Informationen k\u00f6nnen wir Ihnen die Navigation erleichtern und die korrekte Anzeige unserer Webseiten erm\u00f6glichen.<\/p>\n\n\n\n<p>In keinem Fall werden die von uns erfassten Daten an Dritte weitergegeben oder ohne Ihre Einwilligung eine Verkn\u00fcpfung mit personenbezogenen Daten hergestellt.<\/p>\n\n\n\n<p>Nat\u00fcrlich k\u00f6nnen Sie unsere Website grunds\u00e4tzlich auch ohne Cookies betrachten. Internet-Browser sind regelm\u00e4\u00dfig so eingestellt, dass sie Cookies akzeptieren. Im Allgemeinen k\u00f6nnen Sie die Verwendung von Cookies jederzeit \u00fcber die Einstellungen Ihres Browsers deaktivieren. Bitte verwenden Sie die Hilfefunktionen Ihres Internetbrowsers, um zu erfahren, wie Sie diese Einstellungen \u00e4ndern k\u00f6nnen. Bitte beachten Sie, dass einzelne Funktionen unserer Website m\u00f6glicherweise nicht funktionieren, wenn Sie die Verwendung von Cookies deaktiviert haben.<\/p>\n\n\n\n<p><strong>SSL-Verschl\u00fcsselung<\/strong><br>Um die Sicherheit Ihrer Daten bei der \u00dcbertragung zu sch\u00fctzen, verwenden wir dem aktuellen Stand der Technik entsprechende Verschl\u00fcsselungsverfahren (z. B. SSL) \u00fcber HTTPS.<\/p>\n\n\n\n<p><strong>Newsletter<\/strong><br>Auf Grundlage Ihrer ausdr\u00fccklich erteilten Einwilligung oder eigenen Anforderung, \u00fcbersenden wir Ihnen regelm\u00e4\u00dfig unseren Newsletter bzw. vergleichbare Informationen per E-Mail an Ihre angegebene E-Mail-Adresse.<\/p>\n\n\n\n<p>F\u00fcr den Empfang des Newsletters ist die Angabe Ihrer E-Mail-Adresse und Ihres Namens ausreichend. Bei der Anmeldung zum Bezug unseres Newsletters werden die von Ihnen angegebenen Daten ausschlie\u00dflich f\u00fcr diesen Zweck verwendet. Abonnenten k\u00f6nnen auch \u00fcber Umst\u00e4nde per E-Mail informiert werden, die f\u00fcr den Dienst oder die Registrierung relevant sind (Beispielsweise \u00c4nderungen des Newsletterangebots oder technische Gegebenheiten).<\/p>\n\n\n\n<p>F\u00fcr eine wirksame Registrierung ben\u00f6tigen wir eine valide E-Mail-Adresse. Um zu \u00fcberpr\u00fcfen, dass eine Anmeldung tats\u00e4chlich durch den Inhaber einer E-Mail-Adresse erfolgt, setzen wir das \u201eDouble-opt-in\u201c-Verfahren ein. Hierzu protokollieren wir die Bestellung des Newsletters, den Versand einer Best\u00e4tigungsmail und den Eingang der hiermit angeforderten Antwort. Weitere Daten werden nicht erhoben. Die Daten werden ausschlie\u00dflich f\u00fcr den Newsletter- und e-mail-Versand verwendet und nicht an Dritte weitergegeben.<\/p>\n\n\n\n<p>Die Einwilligung zur Speicherung Ihrer pers\u00f6nlichen Daten und ihrer Nutzung f\u00fcr den Newsletterversand k\u00f6nnen Sie jederzeit widerrufen. In jedem Newsletter findet sich dazu ein entsprechender Link. Au\u00dferdem k\u00f6nnen Sie sich jederzeit auch direkt auf dieser Webseite abmelden oder uns Ihren entsprechenden Wunsch \u00fcber die am Ende dieser Datenschutzhinweise angegebene Kontaktm\u00f6glichkeit mitteilen.<\/p>\n\n\n\n<p><strong>Kontaktformular<\/strong><br>Treten Sie bzgl. Fragen jeglicher Art per E-Mail oder Kontaktformular mit uns in Verbindung, erteilen Sie uns zum Zwecke der Kontaktaufnahme Ihre freiwillige Einwilligung. Hierf\u00fcr ist die Angabe einer validen E-Mail-Adresse erforderlich. Diese dient der Zuordnung der Anfrage und der anschlie\u00dfenden Beantwortung derselben. Die Angabe weiterer Daten ist optional. Die von Ihnen gemachten Angaben werden zum Zwecke der Bearbeitung der Anfrage sowie f\u00fcr m\u00f6gliche Anschlussfragen gespeichert. Nach Erledigung der von Ihnen gestellten Anfrage werden personenbezogene Daten automatisch gel\u00f6scht.<\/p>\n\n\n\n<p><strong>Google Analytics<\/strong><\/p>\n\n\n\n<p>Google Analytics und \u00e4hnliche Systeme werden nicht verwendet.<\/p>\n\n\n\n<p><strong>\u00c4nderung unserer Datenschutzbestimmungen<\/strong><br>Wir behalten uns vor, diese Datenschutzerkl\u00e4rung anzupassen, damit sie stets den aktuellen rechtlichen Anforderungen entspricht oder um \u00c4nderungen unserer Leistungen in der Datenschutzerkl\u00e4rung umzusetzen, z.B. bei der Einf\u00fchrung neuer Services. F\u00fcr Ihren erneuten Besuch gilt dann die neue Datenschutzerkl\u00e4rung.<\/p>\n\n\n\n<p><strong>Fragen an die zust\u00e4ndige Person<\/strong><br>Wenn Sie Fragen zum Datenschutz in unserem Unternehmen haben, schreiben Sie uns bitte eine E-Mail oder wenden Sie sich direkt an die f\u00fcr den Datenschutz verantwortliche Person in unserer Organisation:<br><br>Christian Rykart<br>E-Mail:&nbsp;<a rel=\"noreferrer noopener\" href=\"ma&#105;&#108;&#116;&#x6f;&#x3a;&#x62;&#x6c;&#x75;e&#64;&#109;&#111;&#116;&#x6f;&#x72;&#x72;&#x61;&#x64;-t&#111;&#117;&#114;&#x65;&#x6e;&#x66;&#x61;&#x68;re&#114;&#46;&#99;&#x6f;&#x6d;\" target=\"_blank\">&#x62;&#x6c;&#x75;&#101;&#64;&#109;ot&#x6f;&#x72;&#x72;&#x61;&#100;&#45;to&#x75;&#x72;&#x65;&#x6e;&#102;&#97;hr&#x65;&#x72;&#x2e;&#x63;&#111;&#109;<\/a><br><\/p>\n\n\n\n<p>Zur leichten Unterst\u00fctzung bei der Erstellung dieser Datenschutzerkl\u00e4rung wurde genutzt, der Datenschutzerkl\u00e4rungs-Generator der activeMind AG.<br>Haftung f\u00fcr Inhalte<\/p>\n\n\n\n<p>Die Inhalte unserer Seiten wurden mit gr\u00f6\u00dfter Sorgfalt erstellt. F\u00fcr die Richtigkeit, Vollst\u00e4ndigkeit und Aktualit\u00e4t der Inhalte k\u00f6nnen wir jedoch keine Gew\u00e4hr \u00fcbernehmen. Als Diensteanbieter sind wir gem\u00e4\u00df \u00a7 7 Abs.1 TMG f\u00fcr eigene Inhalte auf diesen Seiten nach den allgemeinen Gesetzen verantwortlich. Nach \u00a7\u00a7 8 bis 10 TMG sind wir als Diensteanbieter jedoch nicht verpflichtet, \u00fcbermittelte oder gespeicherte fremde Informationen zu \u00fcberwachen oder nach Umst\u00e4nden zu forschen, die auf eine rechtswidrige T\u00e4tigkeit hinweisen. Verpflichtungen zur Entfernung oder Sperrung der Nutzung von Informationen nach den allgemeinen Gesetzen bleiben hiervon unber\u00fchrt. Eine diesbez\u00fcgliche Haftung ist jedoch erst ab dem Zeitpunkt der Kenntnis einer konkreten Rechtsverletzung m\u00f6glich. Bei Bekanntwerden von entsprechenden Rechtsverletzungen werden wir diese Inhalte umgehend entfernen.<\/p>\n\n\n\n<p><strong>Haftung f\u00fcr Links<\/strong><\/p>\n\n\n\n<p>Unser Angebot enth\u00e4lt Links zu externen Webseiten Dritter, auf deren Inhalte wir keinen Einfluss haben. Deshalb k\u00f6nnen wir f\u00fcr diese fremden Inhalte auch keine Gew\u00e4hr \u00fcbernehmen. F\u00fcr die Inhalte der verlinkten Seiten ist stets der jeweilige Anbieter oder Betreiber der Seiten verantwortlich. Die verlinkten Seiten wurden zum Zeitpunkt der Verlinkung auf m\u00f6gliche Rechtsverst\u00f6\u00dfe \u00fcberpr\u00fcft. Rechtswidrige Inhalte waren zum Zeitpunkt der Verlinkung nicht erkennbar. Eine permanente inhaltliche Kontrolle der verlinkten Seiten ist jedoch ohne konkrete Anhaltspunkte einer Rechtsverletzung nicht zumutbar. Bei Bekanntwerden von Rechtsverletzungen werden wir derartige Links umgehend entfernen. Urheberrecht<\/p>\n\n\n\n<p>Die durch die Seitenbetreiber erstellten Inhalte und Werke auf diesen Seiten unterliegen dem deutschen Urheberrecht. Die Vervielf\u00e4ltigung, Bearbeitung, Verbreitung und jede Art der Verwertung au\u00dferhalb der Grenzen des Urheberrechtes bed\u00fcrfen der schriftlichen Zustimmung des jeweiligen Autors bzw. Erstellers. Downloads und Kopien dieser Seite sind nur f\u00fcr den privaten, nicht kommerziellen Gebrauch gestattet. Soweit die Inhalte auf dieser Seite nicht vom Betreiber erstellt wurden, werden die Urheberrechte Dritter beachtet. Insbesondere werden Inhalte Dritter als solche gekennzeichnet. Sollten Sie trotzdem auf eine Urheberrechtsverletzung aufmerksam werden, bitten wir um einen entsprechenden Hinweis. Bei Bekanntwerden von Rechtsverletzungen werden wir derartige Inhalte umgehend entfernen. Datenschutz<\/p>\n\n\n\n<p>Die Nutzung unserer Webseite ist in der Regel ohne Angabe personenbezogener Daten m\u00f6glich. Soweit auf unseren Seiten personenbezogene Daten (beispielsweise Name, Anschrift oder eMail-Adressen) erhoben werden, erfolgt dies, soweit m\u00f6glich, stets auf freiwilliger Basis. Diese Daten werden ohne Ihre ausdr\u00fcckliche Zustimmung nicht an Dritte weitergegeben. Wir weisen darauf hin, dass die Daten\u00fcbertragung im Internet (z.B. bei der Kommunikation per E-Mail) Sicherheitsl\u00fccken aufweisen kann. Ein l\u00fcckenloser Schutz der Daten vor dem Zugriff durch Dritte ist nicht m\u00f6glich. Der Nutzung von im Rahmen der Impressumspflicht ver\u00f6ffentlichten Kontaktdaten durch Dritte zur \u00dcbersendung von nicht ausdr\u00fccklich angeforderter Werbung und Informationsmaterialien wird hiermit ausdr\u00fccklich widersprochen. Die Betreiber der Seiten behalten sich ausdr\u00fccklich rechtliche Schritte im Falle der unverlangten Zusendung von Werbeinformationen, etwa durch Spam-Mails, vor.<\/p>\n\n\n\n<p><strong>Datenschutzerkl\u00e4rung f\u00fcr die Nutzung von Facebook-Plugins (Like-Button)<\/strong><\/p>\n\n\n\n<p>Personenbezogene Daten werden nur erhoben, wenn Sie uns diese von sich aus, zum Beispiel bei der Registrierung f\u00fcr Newsletter, mitteilen. Ihre Registrierungsdaten werden unter der Voraussetzung Ihrer Einwilligung zum Zwecke der f\u00fcr Sie zugeschnittenen Werbung verarbeitet. Ihre jeweilige Einwilligung k\u00f6nnen Sie selbstverst\u00e4ndlich jederzeit mit Wirkung f\u00fcr die Zukunft widerrufen. Pers\u00f6nliche Daten werden selbstverst\u00e4ndlich vertraulich behandelt und dienen zum Zwecke von gesch\u00e4ftlichen Abl\u00e4ufen. Ihre Daten werden nicht an Dritte weitergegeben. Wenn Sie weitere Fragen zum Thema \u201eDatenschutz bei \u201eiKinSolution GmbH\u201c haben, stehen wir Ihnen gerne zur Verf\u00fcgung. Auf unseren Seiten sind Plugins des sozialen Netzwerks Facebook, 1601 South California Avenue, Palo Alto, CA 94304, USA integriert. Die Facebook-Plugins erkennen Sie an dem Facebook-Logo oder dem \u201eLike-Button\u201c (\u201eGef\u00e4llt mir\u201c) auf unserer Seite. Wenn Sie unsere Seiten besuchen, wird \u00fcber das Plugin eine direkte Verbindung zwischen Ihrem Browser und dem Facebook-Server hergestellt. Facebook erh\u00e4lt dadurch die Information, dass Sie mit Ihrer IP-Adresse unsere Seite besucht haben. Wenn Sie den Facebook \u201eLike-Button\u201c anklicken w\u00e4hrend Sie in Ihrem Facebook-Account eingeloggt sind, k\u00f6nnen Sie die Inhalte unserer Seiten auf Ihrem Facebook-Profil verlinken. Dadurch kann Facebook den Besuch unserer Seiten Ihrem Benutzerkonto zuordnen. Wir weisen darauf hin, dass wir als Anbieter der Seiten keine Kenntnis vom Inhalt der \u00fcbermittelten Daten sowie deren Nutzung durch Facebook erhalten. Weitere Informationen hierzu finden Sie in der Datenschutzerkl\u00e4rung von facebook unter http:\/\/de-de.facebook.com\/policy.php Wenn Sie nicht w\u00fcnschen, dass Facebook den Besuch unserer Seiten Ihrem Facebook-Nutzerkonto zuordnen kann, loggen Sie sich bitte aus Ihrem Facebook-Benutzerkonto aus.<\/p>\n\n\n\n<p><strong>Rechtswirksamkeit dieses Haftungsausschlusses<\/strong><\/p>\n\n\n\n<p>Dieser Haftungsausschluss ist als Teil des Internetangebotes zu betrachten, von dem aus auf diese Seite verwiesen wurde. Sofern Teile oder einzelne Formulierungen dieses Textes der geltenden Rechtslage nicht, nicht mehr oder nicht vollst\u00e4ndig entsprechen sollten, bleiben die \u00fcbrigen Teile des Dokumentes in ihrem Inhalt und ihrer G\u00fcltigkeit davon unber\u00fchrt.<\/p>\n","protected":false},"excerpt":{"rendered":"<p>Datenschutz Datenschutzerkl\u00e4rungVerantwortliche Stelle im Sinne der Datenschutzgesetze, insbesondere der EU-Datenschutzgrundverordnung (DSGVO), ist: Christian RykartTitlisweg 14CH-4852 RothristE-Mail: &#x62;&#108;&#117;e&#x40;&#x62;&#108;u&#x65;&#x73;&#45;mo&#x74;&#111;&#114;r&#x61;&#x64;&#114;e&#x69;&#x73;&#101;&#110;&#46;&#x65;&#x75; Rechte der SeitenbesucherUnter den angegebenen Kontaktdaten unseres Datenschutzbeauftragten k\u00f6nnen Sie jederzeit folgende Rechte<a href=\"https:\/\/motorrad-tourenfahrer.com\/blues-motorradreisen\/datenschutzverordnung\/\" class=\"more-link\"><span class=\"readmore\">Continue reading<span class=\"screen-reader-text\">Datenschutzverordnung<\/span><\/span><\/a><\/p>\n","protected":false},"author":1,"featured_media":1054,"parent":0,"menu_order":0,"comment_status":"closed","ping_status":"closed","template":"","meta":{"footnotes":""},"class_list":["post-36","page","type-page","status-publish","has-post-thumbnail","hentry"],"_links":{"self":[{"href":"https:\/\/motorrad-tourenfahrer.com\/blues-motorradreisen\/wp-json\/wp\/v2\/pages\/36","targetHints":{"allow":["GET"]}}],"collection":[{"href":"https:\/\/motorrad-tourenfahrer.com\/blues-motorradreisen\/wp-json\/wp\/v2\/pages"}],"about":[{"href":"https:\/\/motorrad-tourenfahrer.com\/blues-motorradreisen\/wp-json\/wp\/v2\/types\/page"}],"author":[{"embeddable":true,"href":"https:\/\/motorrad-tourenfahrer.com\/blues-motorradreisen\/wp-json\/wp\/v2\/users\/1"}],"replies":[{"embeddable":true,"href":"https:\/\/motorrad-tourenfahrer.com\/blues-motorradreisen\/wp-json\/wp\/v2\/comments?post=36"}],"version-history":[{"count":2,"href":"https:\/\/motorrad-tourenfahrer.com\/blues-motorradreisen\/wp-json\/wp\/v2\/pages\/36\/revisions"}],"predecessor-version":[{"id":156,"href":"https:\/\/motorrad-tourenfahrer.com\/blues-motorradreisen\/wp-json\/wp\/v2\/pages\/36\/revisions\/156"}],"wp:featuredmedia":[{"embeddable":true,"href":"https:\/\/motorrad-tourenfahrer.com\/blues-motorradreisen\/wp-json\/wp\/v2\/media\/1054"}],"wp:attachment":[{"href":"https:\/\/motorrad-tourenfahrer.com\/blues-motorradreisen\/wp-json\/wp\/v2\/media?parent=36"}],"curies":[{"name":"wp","href":"https:\/\/api.w.org\/{rel}","templated":true}]}}